{"id":23,"date":"2023-11-29T12:04:04","date_gmt":"2023-11-29T10:04:04","guid":{"rendered":"https:\/\/pood.neoplaza.ee\/?post_type=product&#038;p=23"},"modified":"2023-12-13T20:25:14","modified_gmt":"2023-12-13T18:25:14","slug":"kinkekaart-konsultatsioon","status":"publish","type":"product","link":"https:\/\/pood.neoplaza.ee\/ru\/product\/kinkekaart-konsultatsioon\/","title":{"rendered":"\u041f\u043e\u0434\u0430\u0440\u043e\u0447\u043d\u0430\u044f \u043a\u0430\u0440\u0442\u0430 - \u043a\u043e\u043d\u0441\u0443\u043b\u044c\u0442\u0430\u0446\u0438\u044f \u043f\u043e \u044d\u043b\u0435\u043a\u0442\u0440\u043e\u044d\u043f\u0438\u043b\u044f\u0446\u0438\u0438"},"content":{"rendered":"","protected":false},"excerpt":{"rendered":"<p>Kinkekaart on \u00fchekordseks kasutamiseks. Kinkekaarti v\u00f5ib kasutada ainult \u00fcks inimene. Kehtib 6 kuu jooksul p\u00e4rast ostu tegemist.<\/p>","protected":false},"featured_media":47,"template":"","meta":[],"product_brand":[],"product_cat":[15],"product_tag":[],"class_list":{"0":"post-23","1":"product","2":"type-product","3":"status-publish","4":"has-post-thumbnail","6":"product_cat-uhekordselt_kasutatavad_kinkekaardid","8":"first","9":"instock","10":"shipping-taxable","11":"purchasable","12":"product-type-simple"},"_links":{"self":[{"href":"https:\/\/pood.neoplaza.ee\/ru\/wp-json\/wp\/v2\/product\/23","targetHints":{"allow":["GET"]}}],"collection":[{"href":"https:\/\/pood.neoplaza.ee\/ru\/wp-json\/wp\/v2\/product"}],"about":[{"href":"https:\/\/pood.neoplaza.ee\/ru\/wp-json\/wp\/v2\/types\/product"}],"wp:featuredmedia":[{"embeddable":true,"href":"https:\/\/pood.neoplaza.ee\/ru\/wp-json\/wp\/v2\/media\/47"}],"wp:attachment":[{"href":"https:\/\/pood.neoplaza.ee\/ru\/wp-json\/wp\/v2\/media?parent=23"}],"wp:term":[{"taxonomy":"product_brand","embeddable":true,"href":"https:\/\/pood.neoplaza.ee\/ru\/wp-json\/wp\/v2\/product_brand?post=23"},{"taxonomy":"product_cat","embeddable":true,"href":"https:\/\/pood.neoplaza.ee\/ru\/wp-json\/wp\/v2\/product_cat?post=23"},{"taxonomy":"product_tag","embeddable":true,"href":"https:\/\/pood.neoplaza.ee\/ru\/wp-json\/wp\/v2\/product_tag?post=23"}],"curies":[{"name":"wp","href":"https:\/\/api.w.org\/{rel}","templated":true}]}}