{"id":2,"date":"2023-11-29T10:46:33","date_gmt":"2023-11-29T10:46:33","guid":{"rendered":"https:\/\/pood.neoplaza.ee\/?page_id=2"},"modified":"2023-11-30T14:11:37","modified_gmt":"2023-11-30T12:11:37","slug":"sample-page","status":"publish","type":"page","link":"https:\/\/pood.neoplaza.ee\/ru\/sample-page\/","title":{"rendered":"M\u00fc\u00fcgitingimused"},"content":{"rendered":"<p>Veebipoe neoplaza.ee (edaspidi Veebipood) omanik on Premier Studios O\u00dc (14619252).<\/p>\n\n\n\n<p><strong>M\u00fc\u00fcgilepingu kehtivus, kauba- ja hinnainfo<\/strong><\/p>\n\n\n\n<p>Veebipoes m\u00fc\u00fcdavate toodete hinnad on m\u00e4rgitud toodete juurde. K\u00f5ik veebipoes m\u00fc\u00fcdavate kaupade hinnad on eurodes.<\/p>\n\n\n\n<p><strong>\u041e\u0444\u043e\u0440\u043c\u043b\u0435\u043d\u0438\u0435 \u0437\u0430\u043a\u0430\u0437\u0430<\/strong><\/p>\n\n\n\n<p>Tuleb lisada soovitud tooted ostukorvi. Tellimuse vormistamiseks tuleb t\u00e4ita n\u00f5utud andmev\u00e4ljad. Seej\u00e4rel kuvatakse ekraanile tasu suurus, mille saab tasuda turvaliselt l\u00e4bi j\u00e4rgnevate makseviiside:<\/p>\n\n\n\n<ul class=\"wp-block-list\">\n<li>Panga\u00fclekanne<\/li>\n<\/ul>\n\n\n\n<p>NB! Pangalingiga tasumisel vajutada kindlasti panga lehel nupule \u201eTagasi kaupmehe juurde\u201c.<\/p>\n\n\n\n<p>Peale tellimuse vormistamist tuleb kliendi e-postile kinnituskiri.<\/p>\n\n\n\n<p><strong>Taganemis\u00f5igus<\/strong><\/p>\n\n\n\n<p>P\u00e4rast tellimuse k\u00e4ttesaamist on ostjal \u00f5igus e-poes s\u00f5lmitud lepingust taganeda 14 p\u00e4eva jooksul, kui toode ei ole avatud, selleks tuleb saata avaldus vabas vormis e-postile info@neoplaza.ee<\/p>\n\n\n\n<p>Taganemis\u00f5igus ei kohaldu, kui ostjaks on juriidiline isik.<\/p>\n\n\n\n<p>Kauba tagastamiseks tuleb esitada kauba ostmisest taganemise avaldus ning saata see e-posti aadressile hiljemalt 14 p\u00e4eva jooksul toodete eest tasumisest.<\/p>\n\n\n\n<p><strong>Otseturustus ja isikuandmete t\u00f6\u00f6tlemine<\/strong><\/p>\n\n\n\n<p>Veebipood kasutab ostja edastatud isikuandmeid (sh nimi, telefoninumber, aadress, e-posti aadress, pangaandmed) ainult tellimuse t\u00f6\u00f6tlemisel ja ostjale toodete saatmisel. Veebipood isikuandmeid edastab transpordiettev\u00f5ttele toodete saatmiseks.<\/p>\n\n\n\n<p><strong>Vaidluste lahendamine<\/strong><\/p>\n\n\n\n<p>Kui ostjal on Veebipoe osas pretensioone, tuleb need saata e-kirja aadressile v\u00f5i helistada telefonil.<\/p>\n\n\n\n<p>Kui ostja ja Veebipood ei suuda lahenda vaidlust kokkuleppe teel, siis on ostjal v\u00f5imalik p\u00f6\u00f6rduda Tarbijavaidluste komisjoni poole. Tarbijavaidluste komisjoni p\u00e4devuses on lahendada ostja ja Veebipoe vahel s\u00f5lmitud lepingust tulenevaid vaidlusi. Ostja kaebuse l\u00e4bivaatamine komisjonis on tasuta.<\/p>\n\n\n\n<p>Ostja v\u00f5ib p\u00f6\u00f6rduda Euroopa Liidu tarbijavaidlusi lahendava platvormi poole.<\/p>","protected":false},"excerpt":{"rendered":"<p>Veebipoe neoplaza.ee (edaspidi Veebipood) omanik on Premier Studios O\u00dc (14619252). M\u00fc\u00fcgilepingu kehtivus, kauba- ja hinnainfo Veebipoes m\u00fc\u00fcdavate toodete hinnad on m\u00e4rgitud toodete juurde. K\u00f5ik veebipoes m\u00fc\u00fcdavate kaupade hinnad on eurodes. Tellimuse vormistamine Tuleb lisada soovitud tooted ostukorvi. Tellimuse vormistamiseks tuleb t\u00e4ita n\u00f5utud andmev\u00e4ljad. Seej\u00e4rel kuvatakse ekraanile tasu suurus, mille saab tasuda turvaliselt l\u00e4bi j\u00e4rgnevate makseviiside: [&hellip;]<\/p>\n","protected":false},"author":1,"featured_media":0,"parent":0,"menu_order":2,"comment_status":"closed","ping_status":"open","template":"","meta":{"footnotes":""},"class_list":["post-2","page","type-page","status-publish","hentry"],"_links":{"self":[{"href":"https:\/\/pood.neoplaza.ee\/ru\/wp-json\/wp\/v2\/pages\/2","targetHints":{"allow":["GET"]}}],"collection":[{"href":"https:\/\/pood.neoplaza.ee\/ru\/wp-json\/wp\/v2\/pages"}],"about":[{"href":"https:\/\/pood.neoplaza.ee\/ru\/wp-json\/wp\/v2\/types\/page"}],"author":[{"embeddable":true,"href":"https:\/\/pood.neoplaza.ee\/ru\/wp-json\/wp\/v2\/users\/1"}],"replies":[{"embeddable":true,"href":"https:\/\/pood.neoplaza.ee\/ru\/wp-json\/wp\/v2\/comments?post=2"}],"version-history":[{"count":2,"href":"https:\/\/pood.neoplaza.ee\/ru\/wp-json\/wp\/v2\/pages\/2\/revisions"}],"predecessor-version":[{"id":87,"href":"https:\/\/pood.neoplaza.ee\/ru\/wp-json\/wp\/v2\/pages\/2\/revisions\/87"}],"wp:attachment":[{"href":"https:\/\/pood.neoplaza.ee\/ru\/wp-json\/wp\/v2\/media?parent=2"}],"curies":[{"name":"wp","href":"https:\/\/api.w.org\/{rel}","templated":true}]}}